{"id":1353,"date":"2019-04-08T11:22:16","date_gmt":"2019-04-08T11:22:16","guid":{"rendered":"http:\/\/www.tdpt.tpmi.tuiasi.ro\/?page_id=1353"},"modified":"2019-04-08T11:27:04","modified_gmt":"2019-04-08T11:27:04","slug":"obiective-ale-programului-de-studii-universitare-de-masterat","status":"publish","type":"page","link":"https:\/\/www.tdpt.dima.tuiasi.ro\/index.php\/obiective-ale-programului-de-studii-universitare-de-masterat\/","title":{"rendered":"Obiective  ale programului de studii universitare de masterat"},"content":{"rendered":"<p><strong>Obiective\u00a0 ale programului de studii universitare de masterat<\/strong><\/p>\n<p><strong>\u201cASIGURAREA CALIT\u0102\u0162II \u00ceN DOMENIUL TEXTILE-PIEL\u0102RIE\u201d<\/strong><\/p>\n<p>&nbsp;<\/p>\n<p>Programul de studii universitare de masterat \u201cAsigurarea calit\u0103\u0163ii \u00een domeniul textile-piel\u0103rie\u201c este \u00een concordan\u0163\u0103 cu misiunea de \u00eenv\u0103\u0163\u0103m\u00e2nt \u015fi de cercetare \u015ftiin\u0163ific\u0103 asumat\u0103 prin <em>Carta Universit\u0103\u0163ii Tehnice \u201eGheorghe Asachi\u201d din Ia\u015fi<\/em> \u015fi are ca obiectiv principal formarea \u015fi perfec\u0163ionarea resurselor umane \u00eenalt calificate \u00eentr-un domeniu de mare actualitate \u00een economia rom\u00e2neasc\u0103.<\/p>\n<p>Programul este menit s\u0103 asigure absolven\u0163ilor accesul la informa\u0163ii referitoare la aspecte legate de implementarea, certificarea, monitorizarea, auditarea \u015fi \u00eembun\u0103t\u0103\u0163irea continu\u0103 a sistemelor de management al calit\u0103\u0163ii tip ISO 9001, astfel \u00eenc\u00e2t masteranzii s\u0103 dob\u00e2ndeasc\u0103 abilit\u0103\u0163ile necesare aplic\u0103rii \u00een practic\u0103 a cuno\u015ftin\u0163elor \u00eenv\u0103\u0163ate \u00een concordan\u0163\u0103 cu cerin\u0163ele existente pe pia\u0163a muncii.<\/p>\n<p>Domeniul \u00een care activeaz\u0103 programul de master este de interes european \u015fi global, deoarece se axeaz\u0103 pe cre\u015fterea competitivit\u0103\u0163ii \u00een mediul de afaceri, managementul riscurilor, cunoa\u015fterea contextului \u00een care firma \u00ee\u015fi desf\u0103\u015foar\u0103 activitatea, prin promovarea performan\u0163ei, excelen\u0163ei \u015fi prin ob\u0163inerea satisfac\u0163iei clien\u0163ilor.<\/p>\n<p>Programul de master \u00ee\u015fi propune atingerea urm\u0103toarelor <strong>obiective generale<\/strong>:<\/p>\n<ul>\n<li>Conectarea sistemului de \u00eenv\u0103\u0163\u0103m\u00e2nt superior tehnic rom\u00e2nesc la sistemele de \u00eenv\u0103\u0163\u0103m\u00e2nt \u015fi cercetare ale \u0163\u0103rilor din UE prin dezvoltarea de rela\u0163ii de parteneriat \u00een domeniul asigur\u0103rii calit\u0103\u0163ii cu institu\u0163ii na\u0163ionale \u015fi interna\u0163ionale.<\/li>\n<li>Asigurarea excelen\u0163ei academice \u00een privin\u0163a furniz\u0103rii no\u0163iunilor aprofundate de specialitate legate de domeniul managementului calit\u0103\u0163ii totale (TQM).<\/li>\n<li>Integrarea \u00een re\u0163elele universitare na\u0163ionale \u015fi interna\u0163ionale pe criterii de performan\u0163\u0103.<\/li>\n<li>Promovarea principiilor asigur\u0103rii calit\u0103\u0163ii \u015fi eficien\u0163ei \u00een procesul de educa\u0163ie universitar\u0103.<\/li>\n<li>Adaptarea la nevoile educa\u0163ionale na\u0163ionale \u015fi la cele existente pe pia\u0163a muncii prin asigurarea unei preg\u0103tiri adecvate a absolven\u0163ilor de studii de licen\u0163\u0103 \u00een domeniul managementului calit\u0103\u0163ii.<\/li>\n<li>Realizarea unei preg\u0103tiri interdisciplinare, aplicarea unor metode moderne de predare, care s\u0103 permit\u0103 absolven\u0163ilor programului de master s\u0103 abordeze \u00een conformitate cu principiile specifice TQM toate activit\u0103\u0163ile inginere\u015fti \u015fi manageriale, pentru a ob\u0163ine satisfac\u0163ia clien\u0163ilor \u015fi a partenerilor de afaceri, ceea ce asigur\u0103 competitivitatea organiza\u0163iei pe pie\u0163ele interne \u015fi externe.<\/li>\n<li>Sus\u0163inerea dezvolt\u0103rii durabile a sistemului socio-economic rom\u00e2nesc pe termen lung prin \u00eembun\u0103t\u0103\u0163irea continu\u0103 a calit\u0103\u0163ii proceselor \u015fi serviciilor, a calit\u0103\u0163ii vie\u0163ii \u015fi a mediului \u00een general.<\/li>\n<\/ul>\n<p>Programul de master \u201cAsigurarea calit\u0103\u0163ii \u00een domeniul textile-piel\u0103rie\u201d \u00ee\u015fi propune s\u0103 aduc\u0103 contribu\u0163ii la transformarea \u00eenv\u0103\u0163\u0103m\u00e2ntului superior tehnic \u00een sensul actualiz\u0103rii \u015fi diversific\u0103rii programelor de studiu la nivel de master, conform principiilor stabilite prin acordul de la Bologna.<\/p>\n<p>Programul \u00ee\u015fi propune urm\u0103toarele <strong>obiective specifice<\/strong>:<\/p>\n<ul>\n<li>Formarea \u015fi specializarea resurselor umane \u00eenalt calificate \u00een domeniul managementului calit\u0103\u0163ii (TQM) \u00een corela\u0163ie cu cerin\u0163ele de integrare a \u00eenv\u0103\u0163\u0103m\u00e2ntului superior rom\u00e2nesc \u00een spa\u0163iul educa\u0163ional european, prin \u00eembun\u0103t\u0103\u0163irea procesului de instruire, dezvoltarea cunoa\u015fterii, aprofundarea \u015fi perfec\u0163ionarea cuno\u015ftintelor dob\u00e2ndite \u00een timpul studiilor universitare de baz\u0103.<\/li>\n<li>Diversificarea, consolidarea \u015fi intensificarea procesului de formare a resurselor umane \u00een domeniul asigur\u0103rii calit\u0103\u0163ii, cu aplica\u0163ii \u00een sectorul de textile-piel\u0103rie.<\/li>\n<li>Dob\u00e2ndirea de abilit\u0103\u0163i \u00een direc\u0163ia implement\u0103rii, certific\u0103rii, monitoriz\u0103rii, audit\u0103rii \u015fi \u00eembun\u0103t\u0103\u0163irii continue a sistemelor de management al calit\u0103\u0163ii tip ISO 9001.<\/li>\n<li>Crearea de aptitudini \u00een domeniul cercet\u0103rii interdisciplinare prin \u00eensu\u015firea tehnicilor specifice document\u0103rii, analizei, prelucr\u0103rii \u015fi interpret\u0103rii rezultatelor.<\/li>\n<li>Crearea premiselor dezvolt\u0103rii de parteneriate \u00eentre mediul universitar \u015fi industrie, la nivel na\u0163ional \u015fi interna\u0163ional.<\/li>\n<li>Ini\u0163ierea de parteneriate \u00een domeniul form\u0103rii de resurse umane \u015fi cercet\u0103rii la nivel na\u0163ional \u015fi interna\u0163ional.<\/li>\n<li>Specializarea absolven\u0163ilor de studii de licen\u0163\u0103 \u00een domeniul asigur\u0103rii calit\u0103\u0163ii, astfel \u00eenc\u00e2t ace\u015ftia s\u0103 fie capabili s\u0103 pun\u0103 \u00een practic\u0103 recomand\u0103rile ISO 9000 privind managementul firmei, leadership, managementul riscurilor \u015fi ob\u0163inerea satisfac\u0163iei clien\u0163ilor \u015fi a partenerilor de afaceri.<\/li>\n<li>Dezvoltarea abilit\u0103\u0163ilor manageriale \u015fi a celor ce caracterizeaz\u0103 un lider, ceea ce asigur\u0103 succesul pe termen lung al organiza\u0163iei.<\/li>\n<li>Formarea speciali\u015ftilor capabili s\u0103 rezolve problemele complexe din industria de textile-piel\u0103rie prin aplicarea instrumentelor specifice asigur\u0103rii calit\u0103\u021bii.<\/li>\n<li>Formarea speciali\u015ftilor capabili s\u0103 gestioneze \u00een manier\u0103 unitar\u0103 sistemele de management al calit\u0103\u0163ii implementate \u00een companii textile, indiferent de tipul \u015fi m\u0103rimea acestora.<\/li>\n<\/ul>\n<p>Cererea absolven\u0163ilor pentru continuarea studiilor \u00een cadrul programului de master este justificat\u0103 fie din op\u0163iunea de a accede \u00een pozi\u0163ii de conducere, fie din dorin\u0163a de a urma un doctorat, ce va deschide drumul c\u0103tre o carier\u0103 \u015ftiin\u0163ific\u0103\/didactic\u0103\/academic\u0103.<\/p>\n","protected":false},"excerpt":{"rendered":"<p>Obiective\u00a0 ale programului de studii universitare de masterat \u201cASIGURAREA CALIT\u0102\u0162II \u00ceN DOMENIUL TEXTILE-PIEL\u0102RIE\u201d &nbsp; Programul de studii universitare de masterat \u201cAsigurarea calit\u0103\u0163ii \u00een domeniul textile-piel\u0103rie\u201c este \u00een concordan\u0163\u0103 cu misiunea &#8230;<\/p>\n","protected":false},"author":2,"featured_media":0,"parent":0,"menu_order":0,"comment_status":"closed","ping_status":"closed","template":"","meta":{"footnotes":""},"class_list":["post-1353","page","type-page","status-publish","hentry"],"_links":{"self":[{"href":"https:\/\/www.tdpt.dima.tuiasi.ro\/index.php\/wp-json\/wp\/v2\/pages\/1353","targetHints":{"allow":["GET"]}}],"collection":[{"href":"https:\/\/www.tdpt.dima.tuiasi.ro\/index.php\/wp-json\/wp\/v2\/pages"}],"about":[{"href":"https:\/\/www.tdpt.dima.tuiasi.ro\/index.php\/wp-json\/wp\/v2\/types\/page"}],"author":[{"embeddable":true,"href":"https:\/\/www.tdpt.dima.tuiasi.ro\/index.php\/wp-json\/wp\/v2\/users\/2"}],"replies":[{"embeddable":true,"href":"https:\/\/www.tdpt.dima.tuiasi.ro\/index.php\/wp-json\/wp\/v2\/comments?post=1353"}],"version-history":[{"count":3,"href":"https:\/\/www.tdpt.dima.tuiasi.ro\/index.php\/wp-json\/wp\/v2\/pages\/1353\/revisions"}],"predecessor-version":[{"id":1371,"href":"https:\/\/www.tdpt.dima.tuiasi.ro\/index.php\/wp-json\/wp\/v2\/pages\/1353\/revisions\/1371"}],"wp:attachment":[{"href":"https:\/\/www.tdpt.dima.tuiasi.ro\/index.php\/wp-json\/wp\/v2\/media?parent=1353"}],"curies":[{"name":"wp","href":"https:\/\/api.w.org\/{rel}","templated":true}]}}