{"id":1374,"date":"2019-04-08T11:28:01","date_gmt":"2019-04-08T11:28:01","guid":{"rendered":"http:\/\/www.tdpt.tpmi.tuiasi.ro\/?page_id=1374"},"modified":"2019-04-08T11:28:01","modified_gmt":"2019-04-08T11:28:01","slug":"misiunea-domeniului-de-master-2","status":"publish","type":"page","link":"https:\/\/www.tdpt.dima.tuiasi.ro\/index.php\/misiunea-domeniului-de-master-2\/","title":{"rendered":"Misiunea domeniului de master"},"content":{"rendered":"<p>Misiunea \u015fi obiectivele strategice ale specializ\u0103rii de master \u201eAsigurarea calit\u0103\u0163ii \u00een domeniul textile-piel\u0103rie&#8221; din cadrul domeniului Inginerie Industrial\u0103 sunt \u00een concordan\u0163\u0103 cu Art. 5 din Carta Universit\u0103\u0163ii Tehnice &#8220;Gheorghe Asachi&#8221; din Ia\u015fi, aceea de a <em>&#8220;desf\u0103\u015fura activit\u0103\u0163i specifice de creare, valorificare inovatoare a cunoa\u015fterii \u015fi transfer c\u0103tre societate [&#8230;] \u00een domenii interdisciplinare \u015fi complementare&#8221;.<\/em> \u00cen acela\u015fi timp, acest program de studii masterale respect\u0103 misiunea \u015fi Planul Strategic al Facult\u0103\u0163ii de Textile-Piel\u0103rie \u015fi Management Industrial.<\/p>\n<p>Programul de studii de master A.C.D.T.P. constituie o direc\u0163ie de cert\u0103 importan\u0163\u0103 \u015fi actualitate a profilului textil, racord\u00e2nd preg\u0103tirea masteranzilor la cerin\u0163ele de instruire \u015fi cercetare actuale, prin formarea unor competen\u0163e profesionale \u015fi specifice din sfera competen\u0163elor tehnice \u015fi de cercetare, \u00eentr-un domeniu de interes la nivel na\u0163ional \u015fi interna\u0163ional &#8211; managementul calit\u0103\u0163ii totale (Total Quality Management, TQM).<\/p>\n<p>Programul de studii aprofundate de masterat are un caracter multidisciplinar, prin \u00eembinarea disciplinelor tehnice cu cele specifice domeniului managementului calit\u0103\u0163ii, prin \u00eensu\u015firea recomand\u0103rilor cuprinse \u00een seria de standarde ISO 9000. Astfel programul de master A.C.D.T.P. contribuie la formarea abilit\u0103\u0163ilor ce caracterizeaz\u0103 liderul unei organiza\u0163ii, managerul de proiect, auditorul, responsabilul cu asigurarea calit\u0103\u0163ii \u015f.a.<\/p>\n<p>Orientarea con\u0163inutului disciplinelor din planul de \u00eenv\u0103\u0163\u0103m\u00e2nt spre aprofundarea unor cuno\u015ftin\u0163e inginere\u015fti (complementaritate), dar \u015fi spre dob\u00e2ndirea unor competen\u0163e profesionale noi, din domeniul managementului calit\u0103\u0163ii, faciliteaz\u0103 integrarea rapid\u0103 pe pia\u0163a muncii din Rom\u00e2nia \u015fi din \u0163\u0103rile Uniunii Europene.<\/p>\n<p>Necesitatea \u00eenfiin\u0163\u0103rii acestui program de master a rezultat din cererea de speciali\u015fti cu preg\u0103tire \u00een acest domeniu interdisciplinar, Regiunea de dezvoltare Nord-Est absorbind ingineri cu o solid\u0103 preg\u0103tire \u00een domeniul tehnic, care st\u0103p\u00e2nesc metodele \u015fi tehnicile de gestionare \u015fi \u00eembun\u0103t\u0103\u0163ire a calit\u0103\u0163ii, de analiz\u0103 \u015fi management al riscurilor, dar \u015fi de auditare, acreditare \u015fi certificare \u00een domeniul calit\u0103\u0163ii.<\/p>\n","protected":false},"excerpt":{"rendered":"<p>Misiunea \u015fi obiectivele strategice ale specializ\u0103rii de master \u201eAsigurarea calit\u0103\u0163ii \u00een domeniul textile-piel\u0103rie&#8221; din cadrul domeniului Inginerie Industrial\u0103 sunt \u00een concordan\u0163\u0103 cu Art. 5 din Carta Universit\u0103\u0163ii Tehnice &#8220;Gheorghe Asachi&#8221; &#8230;<\/p>\n","protected":false},"author":2,"featured_media":0,"parent":0,"menu_order":0,"comment_status":"closed","ping_status":"closed","template":"","meta":{"footnotes":""},"class_list":["post-1374","page","type-page","status-publish","hentry"],"_links":{"self":[{"href":"https:\/\/www.tdpt.dima.tuiasi.ro\/index.php\/wp-json\/wp\/v2\/pages\/1374","targetHints":{"allow":["GET"]}}],"collection":[{"href":"https:\/\/www.tdpt.dima.tuiasi.ro\/index.php\/wp-json\/wp\/v2\/pages"}],"about":[{"href":"https:\/\/www.tdpt.dima.tuiasi.ro\/index.php\/wp-json\/wp\/v2\/types\/page"}],"author":[{"embeddable":true,"href":"https:\/\/www.tdpt.dima.tuiasi.ro\/index.php\/wp-json\/wp\/v2\/users\/2"}],"replies":[{"embeddable":true,"href":"https:\/\/www.tdpt.dima.tuiasi.ro\/index.php\/wp-json\/wp\/v2\/comments?post=1374"}],"version-history":[{"count":2,"href":"https:\/\/www.tdpt.dima.tuiasi.ro\/index.php\/wp-json\/wp\/v2\/pages\/1374\/revisions"}],"predecessor-version":[{"id":2408,"href":"https:\/\/www.tdpt.dima.tuiasi.ro\/index.php\/wp-json\/wp\/v2\/pages\/1374\/revisions\/2408"}],"wp:attachment":[{"href":"https:\/\/www.tdpt.dima.tuiasi.ro\/index.php\/wp-json\/wp\/v2\/media?parent=1374"}],"curies":[{"name":"wp","href":"https:\/\/api.w.org\/{rel}","templated":true}]}}