{"id":1383,"date":"2019-04-08T11:32:30","date_gmt":"2019-04-08T11:32:30","guid":{"rendered":"http:\/\/www.tdpt.tpmi.tuiasi.ro\/?page_id=1383"},"modified":"2019-04-08T11:32:30","modified_gmt":"2019-04-08T11:32:30","slug":"tematica-lucrarilor-de-finalizare-a-studiilor-din-cadrul-specializarii-de-masterat","status":"publish","type":"page","link":"https:\/\/www.tdpt.dima.tuiasi.ro\/index.php\/tematica-lucrarilor-de-finalizare-a-studiilor-din-cadrul-specializarii-de-masterat\/","title":{"rendered":"Tematica lucr\u0103rilor de finalizare a studiilor din cadrul specializ\u0103rii de masterat"},"content":{"rendered":"<p><strong>Tematica lucr\u0103rilor de finalizare a studiilor din cadrul specializ\u0103rii de masterat <\/strong><\/p>\n<p>&nbsp;<\/p>\n<table>\n<tbody>\n<tr>\n<td colspan=\"2\">Nr. crt.<\/td>\n<td>Tematica lucr\u0103rilor de finalizare a studiilor<\/td>\n<\/tr>\n<tr>\n<td width=\"7\"><span style=\"color: #000000;\"><strong>1.<\/strong><\/span><\/td>\n<td width=\"40\"><strong>\u00a0<\/strong><\/td>\n<td>Analiza caracteristicilor de calitate ale materialelor textile \u015fi din piele<\/td>\n<\/tr>\n<tr>\n<td width=\"7\"><strong>\u00a0<\/strong><\/td>\n<td width=\"40\"><strong><em>1.1<\/em><\/strong><\/td>\n<td>Analiza \u015fi \u00eembun\u0103t\u0103\u0163irea caracteristicilor de calitate ale firelor<\/td>\n<\/tr>\n<tr>\n<td width=\"7\"><strong>\u00a0<\/strong><\/td>\n<td width=\"40\"><strong><em>1.2<\/em><\/strong><\/td>\n<td>Analiza \u015fi \u00eembun\u0103t\u0103\u0163irea caracteristicilor de calitate ale materialelor ne\u0163esute<\/td>\n<\/tr>\n<tr>\n<td width=\"7\"><strong>\u00a0<\/strong><\/td>\n<td width=\"40\"><strong><em>1.3<\/em><\/strong><\/td>\n<td>Studii privind valorificarea de\u015feurilor tehnologice<\/td>\n<\/tr>\n<tr>\n<td width=\"7\"><strong>\u00a0<\/strong><\/td>\n<td width=\"40\"><strong><em>1.4<\/em><\/strong><\/td>\n<td>Analiza \u015fi \u00eembun\u0103t\u0103\u0163irea caracteristicilor de calitate ale \u0163es\u0103turilor<\/td>\n<\/tr>\n<tr>\n<td width=\"7\"><strong>\u00a0<\/strong><\/td>\n<td width=\"40\"><strong><em>1.5<\/em><\/strong><\/td>\n<td>Analiza \u015fi \u00eembun\u0103t\u0103\u0163irea caracteristicilor de calitate ale tricoturilor, confec\u0163iilor \u015fi broderiilor<\/td>\n<\/tr>\n<tr>\n<td width=\"7\"><strong>\u00a0<\/strong><\/td>\n<td width=\"40\"><strong><em>1.6<\/em><\/strong><\/td>\n<td>Analiza \u015fi \u00eembun\u0103t\u0103\u0163irea caracteristicilor de calitate ale confec\u0163iilor din piele<\/td>\n<\/tr>\n<tr>\n<td width=\"7\"><span style=\"color: #000000;\"><strong>2<\/strong><\/span><\/td>\n<td width=\"40\"><strong>\u00a0<\/strong><\/td>\n<td>Studii referitoare la caracteristicile de calitate ale textilelor tehnice<\/td>\n<\/tr>\n<tr>\n<td width=\"7\"><strong>\u00a0<\/strong><\/td>\n<td width=\"40\"><strong><em>2.1<\/em><\/strong><\/td>\n<td>Studii privind caracteristicile de calitate ale textilelor tehnice ne\u0163esute<\/td>\n<\/tr>\n<tr>\n<td width=\"7\"><strong>\u00a0<\/strong><\/td>\n<td width=\"40\"><strong><em>2.2<\/em><\/strong><\/td>\n<td>Studii referitoare la caracteristicile de calitate ale \u0163es\u0103turilor tehnice<\/td>\n<\/tr>\n<tr>\n<td width=\"7\"><strong>\u00a0<\/strong><\/td>\n<td width=\"40\"><strong><em>2.3<\/em><\/strong><\/td>\n<td>Studiul calit\u0103\u0163ii materialelor textile speciale (medicale, compozite, alte destinatii)<\/td>\n<\/tr>\n<tr>\n<td width=\"7\"><span style=\"color: #000000;\"><strong>3<\/strong><\/span><\/td>\n<td width=\"40\"><strong>\u00a0<\/strong><\/td>\n<td>Studii cu privire la influenta aspectelor financiar-contabile asupra \u00eembun\u0103t\u0103\u0163irii calit\u0103\u0163ii produselor \u015fi serviciilor<\/td>\n<\/tr>\n<tr>\n<td width=\"7\"><span style=\"color: #000000;\"><strong>4<\/strong><\/span><\/td>\n<td width=\"40\"><strong>\u00a0<\/strong><\/td>\n<td>Managementul resurselor umane: metode moderne de instruire \/ evaluare a performantelor.<\/td>\n<\/tr>\n<tr>\n<td width=\"7\"><strong>\u00a0<\/strong><\/td>\n<td width=\"40\"><strong><em>4.1<\/em><\/strong><\/td>\n<td>Studii cu privire la metodele de instruirea \u015fi perfec\u0163ionare a resurselor umane dintr-o companie de confec\u021bii textile<\/td>\n<\/tr>\n<tr>\n<td width=\"7\"><strong>\u00a0<\/strong><\/td>\n<td width=\"40\"><strong><em>4.2<\/em><\/strong><\/td>\n<td>Studii privind metodele de \u00eembun\u0103t\u0103\u021bire a calit\u0103\u021bii \u00een \u00eenv\u0103\u021b\u0103m\u00e2ntul preuniversitar<\/td>\n<\/tr>\n<tr>\n<td width=\"7\"><span style=\"color: #000000;\"><strong>5<\/strong><\/span><\/td>\n<td width=\"40\"><strong>\u00a0<\/strong><\/td>\n<td>Analiza posibilit\u0103\u0163ilor de \u00eembun\u0103t\u0103\u0163ire a sistemului de management al calitatii tip ISO 9001<\/td>\n<\/tr>\n<tr>\n<td width=\"7\"><strong>\u00a0<\/strong><\/td>\n<td width=\"40\"><strong><em>5.1<\/em><\/strong><\/td>\n<td>Studii cu privire la \u00eembun\u0103t\u0103\u021birea calit\u0103\u021bii muncii<\/td>\n<\/tr>\n<tr>\n<td width=\"7\"><strong>\u00a0<\/strong><\/td>\n<td width=\"40\"><strong><em>5.2<\/em><\/strong><\/td>\n<td>Analiza posibilit\u0103\u0163ilor de \u00eembun\u0103t\u0103\u0163ire a satisfac\u0163iei clien\u0163ilor<\/td>\n<\/tr>\n<tr>\n<td width=\"7\"><strong>\u00a0<\/strong><\/td>\n<td width=\"40\"><strong><em>5.3<\/em><\/strong><\/td>\n<td>Analiza posibilit\u0103\u0163ilor de \u00eembun\u0103t\u0103\u0163ire a performan\u0163elor economice<\/td>\n<\/tr>\n<tr>\n<td width=\"7\"><strong>\u00a0<\/strong><\/td>\n<td width=\"40\"><strong><em>5.4<\/em><\/strong><\/td>\n<td>Posibilit\u0103\u0163i de \u00eembun\u0103t\u0103\u0163ire a sistemului de management al calitatii in companiile producatoare de confec\u021bii textile<\/td>\n<\/tr>\n<\/tbody>\n<\/table>\n<p>&nbsp;<\/p>\n","protected":false},"excerpt":{"rendered":"<p>Tematica lucr\u0103rilor de finalizare a studiilor din cadrul specializ\u0103rii de masterat &nbsp; Nr. crt. Tematica lucr\u0103rilor de finalizare a studiilor 1. \u00a0 Analiza caracteristicilor de calitate ale materialelor textile \u015fi &#8230;<\/p>\n","protected":false},"author":2,"featured_media":0,"parent":0,"menu_order":0,"comment_status":"closed","ping_status":"closed","template":"","meta":{"footnotes":""},"class_list":["post-1383","page","type-page","status-publish","hentry"],"_links":{"self":[{"href":"https:\/\/www.tdpt.dima.tuiasi.ro\/index.php\/wp-json\/wp\/v2\/pages\/1383","targetHints":{"allow":["GET"]}}],"collection":[{"href":"https:\/\/www.tdpt.dima.tuiasi.ro\/index.php\/wp-json\/wp\/v2\/pages"}],"about":[{"href":"https:\/\/www.tdpt.dima.tuiasi.ro\/index.php\/wp-json\/wp\/v2\/types\/page"}],"author":[{"embeddable":true,"href":"https:\/\/www.tdpt.dima.tuiasi.ro\/index.php\/wp-json\/wp\/v2\/users\/2"}],"replies":[{"embeddable":true,"href":"https:\/\/www.tdpt.dima.tuiasi.ro\/index.php\/wp-json\/wp\/v2\/comments?post=1383"}],"version-history":[{"count":3,"href":"https:\/\/www.tdpt.dima.tuiasi.ro\/index.php\/wp-json\/wp\/v2\/pages\/1383\/revisions"}],"predecessor-version":[{"id":1392,"href":"https:\/\/www.tdpt.dima.tuiasi.ro\/index.php\/wp-json\/wp\/v2\/pages\/1383\/revisions\/1392"}],"wp:attachment":[{"href":"https:\/\/www.tdpt.dima.tuiasi.ro\/index.php\/wp-json\/wp\/v2\/media?parent=1383"}],"curies":[{"name":"wp","href":"https:\/\/api.w.org\/{rel}","templated":true}]}}