{"id":1398,"date":"2019-04-08T11:36:04","date_gmt":"2019-04-08T11:36:04","guid":{"rendered":"http:\/\/www.tdpt.tpmi.tuiasi.ro\/?page_id=1398"},"modified":"2019-04-08T11:36:04","modified_gmt":"2019-04-08T11:36:04","slug":"obiective-generale-si-specifice-ale-programului-de-studii-universitare-de-licenta","status":"publish","type":"page","link":"https:\/\/www.tdpt.dima.tuiasi.ro\/index.php\/obiective-generale-si-specifice-ale-programului-de-studii-universitare-de-licenta\/","title":{"rendered":"Obiective generale \u015fi specifice ale programului de studii universitare de licen\u0163\u0103"},"content":{"rendered":"<p>&nbsp;<\/p>\n<p>&nbsp;<\/p>\n<p><strong>Scopul<\/strong> specializ\u0103rii <strong>Tehnologia \u015fi designul produselor<\/strong> <strong>textile<\/strong> din cadrul domeniului Inginerie industrial\u0103, este formarea speciali\u015ftilor, cu competen\u0163e generale \u015fi de specialitate la standarde europene, pentru coordonarea \u015fi conducerea proceselor de produc\u0163ie din sectoarele industriei textile, precum \u015fi pentru\u00a0 proiectarea proceselor textile \u015fi a designului produselor textile \u00een concordan\u0163\u0103 cu cerin\u0163ele domeniului de utilizare.<\/p>\n<p>Totodat\u0103, programul de studii universitare de licen\u0163\u0103 al specializ\u0103rii Tehnologia \u015fi designul produselor textile este foarte bine conturat \u015fi \u00eencadrat \u00een domeniul Inginerie industrial\u0103, cu obiective prioritare de preg\u0103tire a speciali\u015ftilor pentru industriile de ob\u0163inere a fibrelor, firelor, \u0163es\u0103turilor, materialelor ne\u0163esute, articolelor de pasmanterie \u0163esute \u015fi \u00eempletite, tricoturilor \u015fi confec\u0163iilor textile, pentru institutele \u015fi centrele de cercetare \u00een domeniul textil, pentru \u00eenv\u0103\u0163\u0103m\u00e2ntul preuniversitar \u015fi universitar de profil, pentru activit\u0103\u0163i de evaluare \u015fi apreciere a conformit\u0103\u0163ii \u015fi calit\u0103\u0163ii produselor textile la societ\u0103\u0163i din domeniul comer\u0163ului \u015fi protec\u0163iei consumatorului.<\/p>\n<p>Competen\u0163ele profesionale, generale \u015fi specifice, pe care programul de licen\u0163\u0103 <strong>Tehnologia \u015fi designul produselor textile<\/strong> le dezvolt\u0103 viitorilor speciali\u015fti se \u00eencadreaz\u0103 \u00een sfera competen\u0163elor\u00a0 vizate de misiunea de \u00eenv\u0103\u0163\u0103m\u00e2nt a universit\u0103\u0163ii tehnice.<\/p>\n<p><strong>Obiective generale: <\/strong><\/p>\n<p>Absolven\u0163ii programului <strong>Tehnologia \u015fi designul produselor textile<\/strong> au capacitatea de a se integra rapid \u00een activit\u0103\u0163i de produc\u0163ie \u015fi \u00een echipe multidisciplinare de proiectare a tehnologiilor \u015fi a designului produselor textile de tipul firelor, \u0163es\u0103turilor, materialelor ne\u0163esute, tricoturilor \u015fi a articolelor de pasmanterie, cu\u00a0 abilit\u0103\u0163i foarte bine conturate \u00een vederea realiz\u0103rii, prin metode computerizate, a documenta\u0163iei tehnice specifice domeniului industrial.<\/p>\n<p>Obiectivele generale ale programului de studii de licen\u0163\u0103 <strong>Tehnologia \u015fi designul produselor<\/strong> <strong>textile<\/strong> sunt\u00a0 urm\u0103toarele:<\/p>\n<p>&#8211; dezvoltarea competen\u0163elor pentru culegerea, analiza \u015fi interpretarea datelor din literatura de specialitate pentru o tem\u0103 dat\u0103;<\/p>\n<p>&#8211; \u00eensu\u015firea cuno\u015ftin\u0163elor teoretice \u015fi practice generale, specifice tuturor sectoarelor industriei textile;<\/p>\n<p>&#8211; dezvoltarea competen\u0163elor \u015fi abilit\u0103\u0163ilor pentru \u00eentocmirea fluxurilor tehnologice de ob\u0163inere a produselor textile;<\/p>\n<ul>\n<li>dezvoltarea de competen\u0163e \u015fi abilit\u0103\u0163i pentru utilizarea tehnicilor \u015fi a instrumentelor informatice dedicate activit\u0103\u0163ilor de proiectare a tehnologiilor de ob\u0163inere a produselor textile \u015fi a designului acestora;<\/li>\n<li>asigurarea cuno\u015ftin\u0163elor de desen tehnic \u015fi a abilit\u0103\u0163ilor de realizare a materialelor grafice asistate de calculator;<\/li>\n<li>dezvoltarea cuno\u015ftin\u0163elor pentru realizarea materialelor de promovare a produselor, de analiz\u0103 \u015fi interpretarea comportamentului consumatorului \u015fi evolu\u0163iei pie\u0163ei;<\/li>\n<li>\u00eensu\u015firea cuno\u015ftin\u0163elor generale privind managementul produc\u0163iei \u015fi a rela\u0163iilor industriale.<\/li>\n<\/ul>\n<p><strong>Obiective specifice: <\/strong><\/p>\n<p>Programul de studii de licen\u0163\u0103 <strong>Tehnologia \u015fi designul produselor textile<\/strong> este orientat \u015fi aduce contribu\u0163ii majore la transformarea \u00eenv\u0103\u0163\u0103m\u00e2ntului superior tehnic textil din Rom\u00e2nia \u00een sensul l\u0103rgirii ariei cuno\u015ftin\u0163elor specifice \u00eensu\u015fite de absolven\u0163i \u00een conformitate cu principiile Procesului Bologna.<\/p>\n<p>Obiectivele specifice ale programului <strong>Tehnologia \u015fi designul produselor textile<\/strong> sunt urm\u0103toarele:<\/p>\n<p>&#8211; dezvoltarea abilit\u0103\u0163ilor de a identifica, analiza, explica \u015fi solu\u0163iona probleme tehnologice de fabrica\u0163ie a produselor textile\u00a0;<\/p>\n<p>&#8211; \u00eensu\u015firea metodelor\u00a0 de analiz\u0103 \u015fi proiectare a produselor textile \u00een corela\u0163ie cu cerin\u0163ele procesului de utilizare\u00a0;<\/p>\n<p>&#8211; dezvoltarea abilit\u0103\u0163ilor de proiectare a parametrilor \u015fi proceselor tehnologice de realizare a produselor textile;<\/p>\n<p>&#8211; dezvoltarea abilit\u0103\u0163ilor de a conduce \u015fi coordona activit\u0103\u0163i industriale de realizare a produselor textile;<\/p>\n<p>&#8211; capacitatea de a organiza, conduce \u015fi coordona controlul tehnic de calitate \u00een cadrul proceselor industriale de fabricare a produselor textile;<\/p>\n<p>&#8211; capacitatea de a crea produse textile \u015fi de a dezvolta designul acestora \u00een concordan\u0163\u0103 cu cerin\u0163ele de exploatare.<\/p>\n","protected":false},"excerpt":{"rendered":"<p>&nbsp; &nbsp; Scopul specializ\u0103rii Tehnologia \u015fi designul produselor textile din cadrul domeniului Inginerie industrial\u0103, este formarea speciali\u015ftilor, cu competen\u0163e generale \u015fi de specialitate la standarde europene, pentru coordonarea \u015fi conducerea &#8230;<\/p>\n","protected":false},"author":2,"featured_media":0,"parent":0,"menu_order":0,"comment_status":"closed","ping_status":"closed","template":"","meta":{"footnotes":""},"class_list":["post-1398","page","type-page","status-publish","hentry"],"_links":{"self":[{"href":"https:\/\/www.tdpt.dima.tuiasi.ro\/index.php\/wp-json\/wp\/v2\/pages\/1398","targetHints":{"allow":["GET"]}}],"collection":[{"href":"https:\/\/www.tdpt.dima.tuiasi.ro\/index.php\/wp-json\/wp\/v2\/pages"}],"about":[{"href":"https:\/\/www.tdpt.dima.tuiasi.ro\/index.php\/wp-json\/wp\/v2\/types\/page"}],"author":[{"embeddable":true,"href":"https:\/\/www.tdpt.dima.tuiasi.ro\/index.php\/wp-json\/wp\/v2\/users\/2"}],"replies":[{"embeddable":true,"href":"https:\/\/www.tdpt.dima.tuiasi.ro\/index.php\/wp-json\/wp\/v2\/comments?post=1398"}],"version-history":[{"count":2,"href":"https:\/\/www.tdpt.dima.tuiasi.ro\/index.php\/wp-json\/wp\/v2\/pages\/1398\/revisions"}],"predecessor-version":[{"id":1404,"href":"https:\/\/www.tdpt.dima.tuiasi.ro\/index.php\/wp-json\/wp\/v2\/pages\/1398\/revisions\/1404"}],"wp:attachment":[{"href":"https:\/\/www.tdpt.dima.tuiasi.ro\/index.php\/wp-json\/wp\/v2\/media?parent=1398"}],"curies":[{"name":"wp","href":"https:\/\/api.w.org\/{rel}","templated":true}]}}