{"id":253,"date":"2015-05-06T09:51:51","date_gmt":"2015-05-06T09:51:51","guid":{"rendered":"http:\/\/www.tdpt.tpmi.tuiasi.ro\/?page_id=253"},"modified":"2015-05-06T09:56:34","modified_gmt":"2015-05-06T09:56:34","slug":"plan-invatamant","status":"publish","type":"page","link":"https:\/\/www.tdpt.dima.tuiasi.ro\/index.php\/plan-invatamant\/","title":{"rendered":"Plan \u00eenva\u0163\u0103m\u00e2nt"},"content":{"rendered":"<p><a href=\"http:\/\/www.tdpt.tpmi.tuiasi.ro\/wp-content\/uploads\/2015\/05\/Plan-invatamant-TDPT-2014-2018-1.pdf\" target=\"_blank\">Plan invatamant TDPT- 2014-2018<\/a><\/p>\n","protected":false},"excerpt":{"rendered":"<p>Plan invatamant TDPT- 2014-2018<\/p>\n","protected":false},"author":2,"featured_media":0,"parent":0,"menu_order":0,"comment_status":"closed","ping_status":"closed","template":"","meta":{"footnotes":""},"class_list":["post-253","page","type-page","status-publish","hentry"],"_links":{"self":[{"href":"https:\/\/www.tdpt.dima.tuiasi.ro\/index.php\/wp-json\/wp\/v2\/pages\/253","targetHints":{"allow":["GET"]}}],"collection":[{"href":"https:\/\/www.tdpt.dima.tuiasi.ro\/index.php\/wp-json\/wp\/v2\/pages"}],"about":[{"href":"https:\/\/www.tdpt.dima.tuiasi.ro\/index.php\/wp-json\/wp\/v2\/types\/page"}],"author":[{"embeddable":true,"href":"https:\/\/www.tdpt.dima.tuiasi.ro\/index.php\/wp-json\/wp\/v2\/users\/2"}],"replies":[{"embeddable":true,"href":"https:\/\/www.tdpt.dima.tuiasi.ro\/index.php\/wp-json\/wp\/v2\/comments?post=253"}],"version-history":[{"count":5,"href":"https:\/\/www.tdpt.dima.tuiasi.ro\/index.php\/wp-json\/wp\/v2\/pages\/253\/revisions"}],"predecessor-version":[{"id":260,"href":"https:\/\/www.tdpt.dima.tuiasi.ro\/index.php\/wp-json\/wp\/v2\/pages\/253\/revisions\/260"}],"wp:attachment":[{"href":"https:\/\/www.tdpt.dima.tuiasi.ro\/index.php\/wp-json\/wp\/v2\/media?parent=253"}],"curies":[{"name":"wp","href":"https:\/\/api.w.org\/{rel}","templated":true}]}}