{"id":529,"date":"2016-04-15T08:49:24","date_gmt":"2016-04-15T08:49:24","guid":{"rendered":"http:\/\/www.tdpt.tpmi.tuiasi.ro\/?page_id=529"},"modified":"2016-04-15T09:11:23","modified_gmt":"2016-04-15T09:11:23","slug":"vizita-de-studii-la-uco-tesatura-giurgiu","status":"publish","type":"page","link":"https:\/\/www.tdpt.dima.tuiasi.ro\/index.php\/vizita-de-studii-la-uco-tesatura-giurgiu\/","title":{"rendered":"Vizit\u0103 de studii la UCO \u0162ES\u0102TURA GIURGIU"},"content":{"rendered":"<p>\u00cen ziua de 30.03.2016, a avut loc o vizit\u0103 de studii a unui grup de 17 studen\u021bi de la specializarea Tehnologia \u0219i Designul Produselor Textile, la compania produc\u0103toare de \u021bes\u0103turi denim, SC UCO \u021aes\u0103tura SRL din Giurgiu. \u00a0Studen\u021bii din ani de studii diferi\u021bi (II, III \u0219i IV) au fost \u00eenso\u021bi\u021bi de patru cadre didactice de la Departamentul de Ingineria \u0219i Designul Produselor Textile, \u00eentreaga ac\u021biune fiind sponsorizat\u0103 de c\u0103tre compania UCO \u021aes\u0103tura.<\/p>\n<p>\u00cen timpul vizitei, studen\u021bilor li s-a prezentat \u00eentregul flux tehnologic de realizare a unei \u021bes\u0103turi denim, au participat la discu\u021bii cu managerul general \u0219i de asemenea, au participat la o prezentare a echipei de ingineri. De la seniori &#8211; cu vechime de 10 ani \u00een UCO, p\u00e2n\u0103 la juniori- cu vechime de 6 luni \u00een UCO, marea majoritate a acestora sunt absolven\u021bi ai Facult\u0103\u021bii de Textile Piel\u0103rie \u0219i Management Industrial \u0219i ai specializ\u0103rii Tehnologia \u0219i Designul Produselor Textile.<\/p>\n<p><a href=\"http:\/\/www.tdpt.tpmi.tuiasi.ro\/wp-content\/uploads\/2016\/04\/UCO_1.jpg\"><img loading=\"lazy\" decoding=\"async\" class=\"alignnone size-medium wp-image-541\" src=\"http:\/\/www.tdpt.tpmi.tuiasi.ro\/wp-content\/uploads\/2016\/04\/UCO_1-300x225.jpg\" alt=\"UCO_1\" width=\"300\" height=\"225\" srcset=\"https:\/\/www.tdpt.dima.tuiasi.ro\/wp-content\/uploads\/2016\/04\/UCO_1-300x225.jpg 300w, https:\/\/www.tdpt.dima.tuiasi.ro\/wp-content\/uploads\/2016\/04\/UCO_1-1024x768.jpg 1024w\" sizes=\"auto, (max-width: 300px) 100vw, 300px\" \/><\/a> <a href=\"http:\/\/www.tdpt.tpmi.tuiasi.ro\/wp-content\/uploads\/2016\/04\/UCO_2.jpg\"><img loading=\"lazy\" decoding=\"async\" class=\"alignnone size-medium wp-image-544\" src=\"http:\/\/www.tdpt.tpmi.tuiasi.ro\/wp-content\/uploads\/2016\/04\/UCO_2-300x225.jpg\" alt=\"UCO_2\" width=\"300\" height=\"225\" srcset=\"https:\/\/www.tdpt.dima.tuiasi.ro\/wp-content\/uploads\/2016\/04\/UCO_2-300x225.jpg 300w, https:\/\/www.tdpt.dima.tuiasi.ro\/wp-content\/uploads\/2016\/04\/UCO_2-1024x768.jpg 1024w\" sizes=\"auto, (max-width: 300px) 100vw, 300px\" \/><\/a> <a href=\"http:\/\/www.tdpt.tpmi.tuiasi.ro\/wp-content\/uploads\/2016\/04\/UCO_3.jpg\"><img loading=\"lazy\" decoding=\"async\" class=\"alignnone size-medium wp-image-547\" src=\"http:\/\/www.tdpt.tpmi.tuiasi.ro\/wp-content\/uploads\/2016\/04\/UCO_3-300x169.jpg\" alt=\"UCO_3\" width=\"300\" height=\"169\" srcset=\"https:\/\/www.tdpt.dima.tuiasi.ro\/wp-content\/uploads\/2016\/04\/UCO_3-300x169.jpg 300w, https:\/\/www.tdpt.dima.tuiasi.ro\/wp-content\/uploads\/2016\/04\/UCO_3-1024x576.jpg 1024w\" sizes=\"auto, (max-width: 300px) 100vw, 300px\" \/><\/a> <a href=\"http:\/\/www.tdpt.tpmi.tuiasi.ro\/wp-content\/uploads\/2016\/04\/UCO_4.jpg\"><img loading=\"lazy\" decoding=\"async\" class=\"alignnone size-medium wp-image-550\" src=\"http:\/\/www.tdpt.tpmi.tuiasi.ro\/wp-content\/uploads\/2016\/04\/UCO_4-300x225.jpg\" alt=\"UCO_4\" width=\"300\" height=\"225\" srcset=\"https:\/\/www.tdpt.dima.tuiasi.ro\/wp-content\/uploads\/2016\/04\/UCO_4-300x225.jpg 300w, https:\/\/www.tdpt.dima.tuiasi.ro\/wp-content\/uploads\/2016\/04\/UCO_4-1024x768.jpg 1024w\" sizes=\"auto, (max-width: 300px) 100vw, 300px\" \/><\/a> <a href=\"http:\/\/www.tdpt.tpmi.tuiasi.ro\/wp-content\/uploads\/2016\/04\/UCO_5.jpg\"><img loading=\"lazy\" decoding=\"async\" class=\"alignnone size-medium wp-image-553\" src=\"http:\/\/www.tdpt.tpmi.tuiasi.ro\/wp-content\/uploads\/2016\/04\/UCO_5-300x169.jpg\" alt=\"UCO_5\" width=\"300\" height=\"169\" srcset=\"https:\/\/www.tdpt.dima.tuiasi.ro\/wp-content\/uploads\/2016\/04\/UCO_5-300x169.jpg 300w, https:\/\/www.tdpt.dima.tuiasi.ro\/wp-content\/uploads\/2016\/04\/UCO_5-1024x576.jpg 1024w\" sizes=\"auto, (max-width: 300px) 100vw, 300px\" \/><\/a> <a href=\"http:\/\/www.tdpt.tpmi.tuiasi.ro\/wp-content\/uploads\/2016\/04\/UCO_6.jpg\"><img loading=\"lazy\" decoding=\"async\" class=\"alignnone size-medium wp-image-556\" src=\"http:\/\/www.tdpt.tpmi.tuiasi.ro\/wp-content\/uploads\/2016\/04\/UCO_6-300x225.jpg\" alt=\"UCO_6\" width=\"300\" height=\"225\" srcset=\"https:\/\/www.tdpt.dima.tuiasi.ro\/wp-content\/uploads\/2016\/04\/UCO_6-300x225.jpg 300w, https:\/\/www.tdpt.dima.tuiasi.ro\/wp-content\/uploads\/2016\/04\/UCO_6-1024x768.jpg 1024w\" sizes=\"auto, (max-width: 300px) 100vw, 300px\" \/><\/a> <a href=\"http:\/\/www.tdpt.tpmi.tuiasi.ro\/wp-content\/uploads\/2016\/04\/UCO_7.jpg\"><img loading=\"lazy\" decoding=\"async\" class=\"alignnone size-medium wp-image-559\" src=\"http:\/\/www.tdpt.tpmi.tuiasi.ro\/wp-content\/uploads\/2016\/04\/UCO_7-300x170.jpg\" alt=\"UCO_7\" width=\"300\" height=\"170\" srcset=\"https:\/\/www.tdpt.dima.tuiasi.ro\/wp-content\/uploads\/2016\/04\/UCO_7-300x170.jpg 300w, https:\/\/www.tdpt.dima.tuiasi.ro\/wp-content\/uploads\/2016\/04\/UCO_7-1024x582.jpg 1024w\" sizes=\"auto, (max-width: 300px) 100vw, 300px\" \/><\/a><\/p>\n","protected":false},"excerpt":{"rendered":"<p>\u00cen ziua de 30.03.2016, a avut loc o vizit\u0103 de studii a unui grup de 17 studen\u021bi de la specializarea Tehnologia \u0219i Designul Produselor Textile, la compania produc\u0103toare de \u021bes\u0103turi &#8230;<\/p>\n","protected":false},"author":2,"featured_media":0,"parent":0,"menu_order":0,"comment_status":"closed","ping_status":"closed","template":"","meta":{"footnotes":""},"class_list":["post-529","page","type-page","status-publish","hentry"],"_links":{"self":[{"href":"https:\/\/www.tdpt.dima.tuiasi.ro\/index.php\/wp-json\/wp\/v2\/pages\/529","targetHints":{"allow":["GET"]}}],"collection":[{"href":"https:\/\/www.tdpt.dima.tuiasi.ro\/index.php\/wp-json\/wp\/v2\/pages"}],"about":[{"href":"https:\/\/www.tdpt.dima.tuiasi.ro\/index.php\/wp-json\/wp\/v2\/types\/page"}],"author":[{"embeddable":true,"href":"https:\/\/www.tdpt.dima.tuiasi.ro\/index.php\/wp-json\/wp\/v2\/users\/2"}],"replies":[{"embeddable":true,"href":"https:\/\/www.tdpt.dima.tuiasi.ro\/index.php\/wp-json\/wp\/v2\/comments?post=529"}],"version-history":[{"count":4,"href":"https:\/\/www.tdpt.dima.tuiasi.ro\/index.php\/wp-json\/wp\/v2\/pages\/529\/revisions"}],"predecessor-version":[{"id":565,"href":"https:\/\/www.tdpt.dima.tuiasi.ro\/index.php\/wp-json\/wp\/v2\/pages\/529\/revisions\/565"}],"wp:attachment":[{"href":"https:\/\/www.tdpt.dima.tuiasi.ro\/index.php\/wp-json\/wp\/v2\/media?parent=529"}],"curies":[{"name":"wp","href":"https:\/\/api.w.org\/{rel}","templated":true}]}}