{"id":57,"date":"2015-05-05T08:16:24","date_gmt":"2015-05-05T08:16:24","guid":{"rendered":"http:\/\/www.tdpt.tpmi.tuiasi.ro\/?page_id=57"},"modified":"2026-03-31T08:00:00","modified_gmt":"2026-03-31T08:00:00","slug":"mesaj-de-bun-venit","status":"publish","type":"page","link":"https:\/\/www.tdpt.dima.tuiasi.ro\/","title":{"rendered":"Bine a\u021bi venit pe site-ul departamentului IDPT!"},"content":{"rendered":"<h3 style=\"text-align: justify;\"><\/h3>\n<h3 style=\"text-align: justify;\"><span style=\"color: #000000;\">Dragi studen\u021bi,<\/span><\/h3>\n<div class=\"gs\">\n<div class=\"\">\n<div id=\":mp\" class=\"ii gt adO\">\n<div id=\":mq\" class=\"a3s aiL\">\n<div id=\"avWBGd-63\">\n<div dir=\"ltr\">\n<div class=\"gmail_quote\">\n<div dir=\"ltr\">\n<div>\n<p>\u00cencepe o nou\u0103 etap\u0103 \u00een via\u021ba voastr\u0103, o etap\u0103 pe care nu o ve\u021bi uita niciodat\u0103. Am vrea s\u0103 fi\u021bi bucuro\u0219i c\u0103 a\u021bi ales s\u0103 studia\u021bi la singura facultate de profil din Rom\u00e2nia, cu o tradi\u021bie de peste 60 de ani. Noi, cadrele didactice din Departamentul IDPT, v\u0103 vom \u00eendruma pa\u0219ii dac\u0103 alege\u021bi specializarea acreditat\u0103 \u201e<em><strong>Tehnologia \u0219i designul produselor textile<\/strong><\/em>\u201d.<\/p>\n<p>Pe parcursul anilor de studiu, ve\u021bi fi \u00eencuraja\u021bi s\u0103 v\u0103 dep\u0103\u0219i\u021bi limitele, s\u0103 v\u0103 \u00eenscrie\u021bi \u00een diverse programe \u0219i proiecte locale, na\u021bionale \u0219i interna\u021bionale, s\u0103 v\u0103 implica\u021bi \u00een activit\u0103\u021bi de cercetare \u0219i s\u0103 v\u0103 prezenta\u021bi rezultatele \u00een cadrul cercurilor studen\u021be\u0219ti organizate anual. De asemenea, ve\u021bi fi sprijini\u021bi \u00een demersul vostru de a aplica pentru burse Erasmus, deoarece ve\u021bi avea posibilitatea de a v\u0103 \u00eembun\u0103t\u0103\u021bi competen\u021bele, studiind o perioad\u0103 \u00een universit\u0103\u021bi europene prestigioase.<\/p>\n<p>Via\u021ba de student v\u0103 va \u00eembog\u0103\u021bi experien\u021ba, iar voi ve\u021bi constata o dezvoltare progresiv\u0103 pe plan profesional, astfel \u00eenc\u00e2t s\u0103 fi\u021bi preg\u0103ti\u021bi pentru pia\u021ba muncii.\u00a0Dot\u0103rile din laboratoarele\u00a0\u0219i sta\u021biile pilot v\u0103 permit s\u0103 pune\u021bi \u00een practic\u0103 cuno\u0219tin\u021bele teoretice \u0219i s\u0103 le aprofunda\u021bi. Serviciile noastre educa\u021bionale sunt la cel mai \u00eenalt nivel, iar consilierii de an v\u0103 vor sta la dispozi\u021bie cu toate informa\u021biile de care ave\u021bi nevoie.<\/p>\n<\/div>\n<\/div>\n<\/div>\n<\/div>\n<\/div>\n<\/div>\n<\/div>\n<div id=\"avWBGd-64\" class=\"WhmR8e\" data-hash=\"0\"><\/div>\n<\/div>\n<\/div>\n<p style=\"font-weight: 400;\">Suntem con\u0219tien\u021bi c\u0103 avem nobila misiune de a v\u0103 preg\u0103ti pentru viitor! Sper\u0103m s\u0103 avem ocazia s\u0103 ne cunoa\u0219tem, iar noi vom fi deschi\u0219i la sugestiile voastre pentru \u00eembun\u0103t\u0103\u021birea procesului didactic \u0219i a rela\u021biei corecte profesor-student, precum \u0219i la propunerile de implicare \u00een proiecte dedicate comunit\u0103\u021bii.<\/p>\n<p style=\"font-weight: 400;\">V\u0103 dorim un an universitar plin de \u00eempliniri \u0219i satisfac\u021bii!<\/p>\n<p style=\"font-weight: 400;\"><strong>Colectivul Departamentului IDPT<\/strong><\/p>\n<p style=\"text-align: justify;\">\n","protected":false},"excerpt":{"rendered":"<p>Dragi studen\u021bi, \u00cencepe o nou\u0103 etap\u0103 \u00een via\u021ba voastr\u0103, o etap\u0103 pe care nu o ve\u021bi uita niciodat\u0103. Am vrea s\u0103 fi\u021bi bucuro\u0219i c\u0103 a\u021bi ales s\u0103 studia\u021bi la singura &#8230;<\/p>\n","protected":false},"author":1,"featured_media":0,"parent":0,"menu_order":0,"comment_status":"closed","ping_status":"closed","template":"","meta":{"footnotes":""},"class_list":["post-57","page","type-page","status-publish","hentry"],"_links":{"self":[{"href":"https:\/\/www.tdpt.dima.tuiasi.ro\/index.php\/wp-json\/wp\/v2\/pages\/57","targetHints":{"allow":["GET"]}}],"collection":[{"href":"https:\/\/www.tdpt.dima.tuiasi.ro\/index.php\/wp-json\/wp\/v2\/pages"}],"about":[{"href":"https:\/\/www.tdpt.dima.tuiasi.ro\/index.php\/wp-json\/wp\/v2\/types\/page"}],"author":[{"embeddable":true,"href":"https:\/\/www.tdpt.dima.tuiasi.ro\/index.php\/wp-json\/wp\/v2\/users\/1"}],"replies":[{"embeddable":true,"href":"https:\/\/www.tdpt.dima.tuiasi.ro\/index.php\/wp-json\/wp\/v2\/comments?post=57"}],"version-history":[{"count":22,"href":"https:\/\/www.tdpt.dima.tuiasi.ro\/index.php\/wp-json\/wp\/v2\/pages\/57\/revisions"}],"predecessor-version":[{"id":3240,"href":"https:\/\/www.tdpt.dima.tuiasi.ro\/index.php\/wp-json\/wp\/v2\/pages\/57\/revisions\/3240"}],"wp:attachment":[{"href":"https:\/\/www.tdpt.dima.tuiasi.ro\/index.php\/wp-json\/wp\/v2\/media?parent=57"}],"curies":[{"name":"wp","href":"https:\/\/api.w.org\/{rel}","templated":true}]}}