{"id":75,"date":"2015-05-05T08:31:19","date_gmt":"2015-05-05T08:31:19","guid":{"rendered":"http:\/\/www.tdpt.tpmi.tuiasi.ro\/?page_id=75"},"modified":"2015-10-23T06:24:24","modified_gmt":"2015-10-23T06:24:24","slug":"structura-departament","status":"publish","type":"page","link":"https:\/\/www.tdpt.dima.tuiasi.ro\/index.php\/structura-departament\/","title":{"rendered":"Baza material\u0103"},"content":{"rendered":"<p>&nbsp;<\/p>\n<ul>\n<li>\n<h3><span style=\"color: #800000;\"><strong><a style=\"color: #800000;\" href=\"http:\/\/www.tdpt.tpmi.tuiasi.ro\/wp-content\/uploads\/2015\/05\/Lab_Informatica-aplicata.pdf\" target=\"_blank\">Laborator Informatic\u0103 aplicat\u0103<\/a><\/strong><\/span><\/h3>\n<\/li>\n<li>\n<h3><span style=\"color: #800000;\"><strong><a style=\"color: #800000;\" href=\"http:\/\/www.tdpt.tpmi.tuiasi.ro\/wp-content\/uploads\/2015\/05\/Statii_Pilot_complet1.pdf\" target=\"_blank\">Sta\u0163ii Pilot<\/a><\/strong><\/span><\/h3>\n<\/li>\n<li>\n<h3><span style=\"color: #800000;\"><strong> <a style=\"color: #800000;\" href=\"http:\/\/www.tdpt.tpmi.tuiasi.ro\/wp-content\/uploads\/2015\/05\/Lab_Metrologie-textila.pdf\" target=\"_blank\">Laborator Metrologie textil<\/a>\u0103<\/strong><\/span><\/h3>\n<h3><\/h3>\n<\/li>\n<li>\n<h3><a href=\"http:\/\/www.tdpt.tpmi.tuiasi.ro\/wp-content\/uploads\/2015\/07\/Analiza-structurala-si-mostrare-de-tesaturi.pdf\" target=\"_blank\"><span style=\"color: #800000;\"><strong>Laborator Analiza structural\u0103 \u015fi mostrare \u0163es\u0103turi<\/strong><\/span><\/a><\/h3>\n<h3><\/h3>\n<\/li>\n<li>\n<h3><a href=\"http:\/\/www.tdpt.tpmi.tuiasi.ro\/wp-content\/uploads\/2015\/07\/Structura-si-proiectarea-asistata-de-calculator-a-tesaturilor.pdf\" target=\"_blank\"><span style=\"color: #800000;\"><strong>Laborator Structura \u015fi proiectarea asistat\u0103 de calculator a \u0163es\u0103turilor<\/strong><\/span><\/a><\/h3>\n<\/li>\n<li>\n<h3><span style=\"color: #800000;\"><strong> <a style=\"color: #800000;\" href=\"http:\/\/www.tdpt.tpmi.tuiasi.ro\/wp-content\/uploads\/2015\/05\/Lab_EPMF-doc-meu.pdf\" target=\"_blank\">Laborator EPMF <\/a>\u00a0<\/strong><\/span><\/h3>\n<\/li>\n<li>\n<h3><span style=\"color: #800000;\"><strong><a style=\"color: #800000;\" href=\"http:\/\/www.tdpt.tpmi.tuiasi.ro\/wp-content\/uploads\/2015\/05\/Laborator-Fibre-textile.pdf\" target=\"_blank\">Laborator Fibre textile<\/a><\/strong><\/span><\/h3>\n<\/li>\n<li>\n<h3><a href=\"http:\/\/www.tdpt.tpmi.tuiasi.ro\/wp-content\/uploads\/2015\/05\/pdf-racu.pdf\" target=\"_blank\"><span style=\"color: #800000;\"><strong>Laborator Grafic\u0103<\/strong><\/span><\/a><\/h3>\n<\/li>\n<li>\n<h3><a href=\"http:\/\/www.tdpt.tpmi.tuiasi.ro\/wp-content\/uploads\/2015\/05\/L-1_Textile-netesute_1.pdf\" target=\"_blank\"><span style=\"color: #800000;\"><strong>Laborator Ne\u021besute<\/strong><\/span><\/a><\/h3>\n<h3><\/h3>\n<h3><\/h3>\n<h3><strong>Baza materiala IDPT<\/strong><\/h3>\n<p>L1. <span style=\"text-decoration: underline;\">Textilexpert<\/span>, Tex 1, 102 &#8211; Prof.dr.ing. I. Cioara<br \/>\nL2. Analiza structurala si mostrare tesaturi, Tex 1, 101 &#8211; Prof.dr.ing. L. Cioara<br \/>\nL3. Structura si proiectarea asistata de calculator a tesaturilor, Tex 1, 103 &#8211; Prof.dr.ing. L. Cioara<br \/>\nL4. <span style=\"text-decoration: underline;\">Fibre textile<\/span>, Tex 1, 211 &#8211; Prof.dr.ing. D. Bordeianu<br \/>\nL5. <span style=\"text-decoration: underline;\">Proiectarea masinilor din filatura<\/span>, Tex 4, et.2 &#8211; Prof.dr.ing. A. Mustata<br \/>\nL6. Programare, Tex 4, et 2 &#8211; conf.dr.mat. V. Slabu<br \/>\nL7. <span style=\"text-decoration: underline;\">Informatica aplicata<\/span>, Tex 5, et 1 &#8211; Conf.dr.ing. D. Cascaval<br \/>\nL8. <span style=\"text-decoration: underline;\">Metrologie textila<\/span>, Tex 1, 206 &#8211; Conf.dr.ing. R.Harpa<br \/>\nL9. <span style=\"text-decoration: underline;\">Design textil<\/span>, Tex 4, et.2 &#8211; Conf.dr.ing. I. Cristian<br \/>\nL10. <span style=\"text-decoration: underline;\">Grafica asistata de calculator<\/span>, Tex 4, et.2 &#8211; S.l.dr.ing. C. Racu<br \/>\nL11. Structuri textile &#8211; fire, Tex 1, 205 &#8211; S.l.dr.ing. L. Buhu<br \/>\nL12. Proiectarea masinilor din tesatorie, Tex 4, et 2 &#8211; S.l.dr.ing. A. Buhu<br \/>\nL13. Textile netesute, Tex 4, et 2 &#8211; S.l.dr.ing. I. Lupu<br \/>\nL14. Bazele proceselor din filatura, tex 4, et. 2 &#8211; S.l.dr.ing. C. Vilcu<br \/>\nL15. Fizico-chimia proceselor textile, Tex 4, parter &#8211; S.l.dr.ing. D. Liute<\/p>\n<p>&nbsp;<\/p>\n<p>Statii pilot de cercetare<\/li>\n<\/ul>\n","protected":false},"excerpt":{"rendered":"<p>&nbsp; Laborator Informatic\u0103 aplicat\u0103 Sta\u0163ii Pilot Laborator Metrologie textil\u0103 Laborator Analiza structural\u0103 \u015fi mostrare \u0163es\u0103turi Laborator Structura \u015fi proiectarea asistat\u0103 de calculator a \u0163es\u0103turilor Laborator EPMF \u00a0 Laborator Fibre textile &#8230;<\/p>\n","protected":false},"author":1,"featured_media":0,"parent":0,"menu_order":0,"comment_status":"closed","ping_status":"closed","template":"","meta":{"footnotes":""},"class_list":["post-75","page","type-page","status-publish","hentry"],"_links":{"self":[{"href":"https:\/\/www.tdpt.dima.tuiasi.ro\/index.php\/wp-json\/wp\/v2\/pages\/75","targetHints":{"allow":["GET"]}}],"collection":[{"href":"https:\/\/www.tdpt.dima.tuiasi.ro\/index.php\/wp-json\/wp\/v2\/pages"}],"about":[{"href":"https:\/\/www.tdpt.dima.tuiasi.ro\/index.php\/wp-json\/wp\/v2\/types\/page"}],"author":[{"embeddable":true,"href":"https:\/\/www.tdpt.dima.tuiasi.ro\/index.php\/wp-json\/wp\/v2\/users\/1"}],"replies":[{"embeddable":true,"href":"https:\/\/www.tdpt.dima.tuiasi.ro\/index.php\/wp-json\/wp\/v2\/comments?post=75"}],"version-history":[{"count":17,"href":"https:\/\/www.tdpt.dima.tuiasi.ro\/index.php\/wp-json\/wp\/v2\/pages\/75\/revisions"}],"predecessor-version":[{"id":438,"href":"https:\/\/www.tdpt.dima.tuiasi.ro\/index.php\/wp-json\/wp\/v2\/pages\/75\/revisions\/438"}],"wp:attachment":[{"href":"https:\/\/www.tdpt.dima.tuiasi.ro\/index.php\/wp-json\/wp\/v2\/media?parent=75"}],"curies":[{"name":"wp","href":"https:\/\/api.w.org\/{rel}","templated":true}]}}