{"id":763,"date":"2018-04-04T08:51:32","date_gmt":"2018-04-04T08:51:32","guid":{"rendered":"http:\/\/www.tdpt.tpmi.tuiasi.ro\/?page_id=763"},"modified":"2019-04-04T12:34:11","modified_gmt":"2019-04-04T12:34:11","slug":"practica","status":"publish","type":"page","link":"https:\/\/www.tdpt.dima.tuiasi.ro\/index.php\/practica\/","title":{"rendered":"Practic\u0103"},"content":{"rendered":"<p>In anul universitar 2017\u00a0 &#8211; 2018 semestrul al II-lea, s-a desf\u0103\u015furat activitateta de practic\u0103 \u00een laboratoarele \u015fi sta\u0163iile pilot ale departamentului Ingineria \u015fi Designul Produselor Textile.<\/p>\n<p>Activitatea de practica s-a bazat pe dob\u0103ndirea de competen\u0163e din domeniul tehnologiilor, precum \u015fi pe creativitatea studen\u0163ilor anului II inginerie industrial\u0103.<\/p>\n<p><strong><a href=\"http:\/\/www.tdpt.tpmi.tuiasi.ro\/?page_id=853\" target=\"_blank\">Creativitate<em> &#8211; Textile Ne\u0163esute<\/em><\/a>\u00a0 2017-2018<\/strong><\/p>\n<p><strong><a href=\"http:\/\/www.tdpt.tpmi.tuiasi.ro\/?p=1299\" target=\"_blank\">Creativitate<em>\u00a0&#8211; Textile Ne\u0163esute<\/em>\u00a0<\/a> 2018-2019<\/strong><\/p>\n<p>&nbsp;<\/p>\n<p>&nbsp;<\/p>\n<p>&nbsp;<\/p>\n","protected":false},"excerpt":{"rendered":"<p>In anul universitar 2017\u00a0 &#8211; 2018 semestrul al II-lea, s-a desf\u0103\u015furat activitateta de practic\u0103 \u00een laboratoarele \u015fi sta\u0163iile pilot ale departamentului Ingineria \u015fi Designul Produselor Textile. Activitatea de practica s-a &#8230;<\/p>\n","protected":false},"author":2,"featured_media":0,"parent":0,"menu_order":0,"comment_status":"closed","ping_status":"closed","template":"","meta":{"footnotes":""},"class_list":["post-763","page","type-page","status-publish","hentry"],"_links":{"self":[{"href":"https:\/\/www.tdpt.dima.tuiasi.ro\/index.php\/wp-json\/wp\/v2\/pages\/763","targetHints":{"allow":["GET"]}}],"collection":[{"href":"https:\/\/www.tdpt.dima.tuiasi.ro\/index.php\/wp-json\/wp\/v2\/pages"}],"about":[{"href":"https:\/\/www.tdpt.dima.tuiasi.ro\/index.php\/wp-json\/wp\/v2\/types\/page"}],"author":[{"embeddable":true,"href":"https:\/\/www.tdpt.dima.tuiasi.ro\/index.php\/wp-json\/wp\/v2\/users\/2"}],"replies":[{"embeddable":true,"href":"https:\/\/www.tdpt.dima.tuiasi.ro\/index.php\/wp-json\/wp\/v2\/comments?post=763"}],"version-history":[{"count":17,"href":"https:\/\/www.tdpt.dima.tuiasi.ro\/index.php\/wp-json\/wp\/v2\/pages\/763\/revisions"}],"predecessor-version":[{"id":1332,"href":"https:\/\/www.tdpt.dima.tuiasi.ro\/index.php\/wp-json\/wp\/v2\/pages\/763\/revisions\/1332"}],"wp:attachment":[{"href":"https:\/\/www.tdpt.dima.tuiasi.ro\/index.php\/wp-json\/wp\/v2\/media?parent=763"}],"curies":[{"name":"wp","href":"https:\/\/api.w.org\/{rel}","templated":true}]}}